{"id":4758,"date":"2023-02-15T17:23:30","date_gmt":"2023-02-15T20:23:30","guid":{"rendered":"https:\/\/jfmin.com.br\/%e4%b8%8e%e6%88%91%e4%bb%ac%e8%81%94%e7%b3%bb\/"},"modified":"2024-06-14T11:10:57","modified_gmt":"2024-06-14T14:10:57","slug":"%e4%b8%8e%e6%88%91%e4%bb%ac%e8%81%94%e7%b3%bb","status":"publish","type":"page","link":"https:\/\/lhgmining.com.br\/zh-hant\/%e4%b8%8e%e6%88%91%e4%bb%ac%e8%81%94%e7%b3%bb\/","title":{"rendered":"\u4e0e\u6211\u4eec\u8054\u7cfb"},"content":{"rendered":"<section id=\"bt_section69e902932321a\"  class=\"boldSection inherit\" ><div class=\"port\"><div class=\"boldCell\"><div class=\"boldCellInner\"><div class=\"boldRow \" ><div class=\"boldRowInner\"><div class=\"rowItem col-md-6 col-sm-12 btTextLeft animate animate-fadein inherit btLightSkin\"  data-width=\"6\"><div class=\"rowItemContent\" style = \"background-color: rgba(255, 255, 255, 0.6); \"><div class=\"boldRow \" style=\"max-width: 580px; float: right;\"><div class=\"boldRowInner\"><div class=\"rowItem rowInnerItem col-sm-12  btTextLeft\"  ><div class=\"rowItemContent\"><div class=\"btClear btSeparator topSemiSpaced noBorder\" ><hr><\/div><div class=\"btText\" ><\/p>\n<h5 dir=\"ltr\"><b>\u5546\u696d\u7ba1\u9053<\/b><\/h5>\n<p dir=\"ltr\">+ <a href=\"mailto:comercial.vendas@jfmin.com.br\" target=\"_blank\" rel=\"noopener\">comercial.vendas@jfmin.com.br<\/a><\/p>\n<p><b> <\/b><b style=\"font-family: Montserrat, Arial, sans-serif; font-size: 1.5em;\">\u4f9b\u61c9\u5546\u7ba1\u9053 <\/b><\/p>\n<p dir=\"ltr\">+ <a href=\"mailto:suprimentos.cadastro@jfmin.com.br\" target=\"_blank\" rel=\"noopener\">suprimentos.cadastro@jfmin.<wbr><\/wbr>com.br<\/a><\/p>\n<p><b> <\/b><b style=\"font-family: Montserrat, Arial, sans-serif; font-size: 1.5em;\">\u4eba\u529b\u8cc7\u6e90\u983b\u9053 <\/b><\/p>\n<p dir=\"ltr\">+ <a href=\"https:\/\/jfmineracao.gupy.io\/\" target=\"_blank\" rel=\"noopener\" data-saferedirecturl=\"https:\/\/www.google.com\/url?q=https:\/\/jfmineracao.gupy.io\/&amp;source=gmail&amp;ust=1680283108464000&amp;usg=AOvVaw0BkSqcT2HYjas8AKPJ2O2G\">https:\/\/jfmineracao.gupy.io\/<\/a><\/p>\n<h5 dir=\"ltr\"><b>\u65b0\u805e\u983b\u9053<\/b><\/h5>\n<p dir=\"ltr\">+ <a href=\"mailto:imprensajf@gbr.com.br\">imprensajf@gbr.com.br<\/a> | 11 3047-2400<\/p>\n<h5><strong>\u9053\u5fb7\u983b\u9053<\/strong><\/h5>\n<p>+ \u96fb\u5b50\u90f5\u4ef6\uff1a <a href=\"mailto:grupojf@canaldeetica.com.br\">grupojf@canaldeetica.com.br<\/a><\/p>\n<p>+ \u96fb\u8a71\uff1a BRAZIL 0800 885 5608 |\u5176\u4ed6\u570b\u5bb6\/\u5730\u5340 +55 11 2424 6013\uff08\u53d6\u6b3e\u96fb\u8a71\uff09<\/p>\n<p>J&amp;F\u96c6\u5718\u9053\u5fb7\u7ba1\u9053\u7684\u5efa\u7acb\u662f\u70ba\u4e86\u70ba\u6211\u5011\u7684\u54e1\u5de5\u3001\u5ba2\u6236\u548c\u696d\u52d9\u5408\u4f5c\u5925\u4f34\u63d0\u4f9b\u4e00\u7a2e\u4fdd\u5bc6\u548c\u5b89\u5168\u7684\u6e9d\u901a\u65b9\u5f0f\uff0c\u4ee5\u5831\u544a\u6d89\u5acc\u6216\u5be6\u969b\u9055\u53cd\u6211\u5011\u7684\u50f9\u503c\u89c0\u3001\u4fe1\u4ef0\u3001\u6a19\u6e96\u3001\u884c\u70ba\u6e96\u5247\u548c\u9053\u5fb7\u898f\u7bc4\u6216\u73fe\u884c\u6cd5\u5f8b\u7684\u884c\u70ba\u3002<\/p>\n<p>+ \u8209\u5831\uff1a <a href=\"https:\/\/www.canaldeetica.com.br\/grupojf\/\">https:\/\/www.canaldeetica.com.br\/grupojf\/<\/a><\/p>\n<p>\n<\/div><\/div><\/div><\/div><\/div><\/div><\/div><div class=\"rowItem col-md-6 col-sm-12 btTextLeft animate animate-fadein inherit\"  data-width=\"6\"><div class=\"rowItemContent\" ><div class=\"bpgPhoto btDefaultHoverType\" ><div class = \"btImage\"><img decoding=\"async\" src=\"https:\/\/lhgmining.com.br\/wp-content\/uploads\/2023\/04\/Paulo-Cueller-tecnico-de-seguranca-em-Corumba-MS.jpg?wsr\" alt=\"Paulo Cueller - t\u00e9cnico de seguran\u00e7a em Corumb\u00e1 (MS)\" title=\"Paulo Cueller - t\u00e9cnico de seguran\u00e7a em Corumb\u00e1 (MS)\"><\/div><\/div><\/div><\/div><\/div><\/div><div class=\"boldRow \" ><div class=\"boldRowInner\"><div class=\"rowItem col-md-12 col-ms-12  btTextLeft\"  data-width=\"12\"><div class=\"rowItemContent\" ><div class=\"btClear btSeparator bottomSpaced noBorder\" ><hr><\/div><\/div><\/div><\/div><\/div><\/div><\/div><\/div><\/section>\n","protected":false},"excerpt":{"rendered":"","protected":false},"author":1,"featured_media":0,"parent":0,"menu_order":0,"comment_status":"closed","ping_status":"closed","template":"","meta":{"_acf_changed":false,"footnotes":""},"class_list":["post-4758","page","type-page","status-publish","hentry"],"acf":[],"_links":{"self":[{"href":"https:\/\/lhgmining.com.br\/zh-hant\/wp-json\/wp\/v2\/pages\/4758","targetHints":{"allow":["GET"]}}],"collection":[{"href":"https:\/\/lhgmining.com.br\/zh-hant\/wp-json\/wp\/v2\/pages"}],"about":[{"href":"https:\/\/lhgmining.com.br\/zh-hant\/wp-json\/wp\/v2\/types\/page"}],"author":[{"embeddable":true,"href":"https:\/\/lhgmining.com.br\/zh-hant\/wp-json\/wp\/v2\/users\/1"}],"replies":[{"embeddable":true,"href":"https:\/\/lhgmining.com.br\/zh-hant\/wp-json\/wp\/v2\/comments?post=4758"}],"version-history":[{"count":3,"href":"https:\/\/lhgmining.com.br\/zh-hant\/wp-json\/wp\/v2\/pages\/4758\/revisions"}],"predecessor-version":[{"id":5130,"href":"https:\/\/lhgmining.com.br\/zh-hant\/wp-json\/wp\/v2\/pages\/4758\/revisions\/5130"}],"wp:attachment":[{"href":"https:\/\/lhgmining.com.br\/zh-hant\/wp-json\/wp\/v2\/media?parent=4758"}],"curies":[{"name":"wp","href":"https:\/\/api.w.org\/{rel}","templated":true}]}}