{"id":4735,"date":"2023-02-15T17:00:25","date_gmt":"2023-02-15T20:00:25","guid":{"rendered":"https:\/\/jfmin.com.br\/operaciones\/"},"modified":"2024-06-14T11:02:04","modified_gmt":"2024-06-14T14:02:04","slug":"operaciones","status":"publish","type":"page","link":"https:\/\/lhgmining.com.br\/es\/operaciones\/","title":{"rendered":"Operaciones"},"content":{"rendered":"<p><section id=\"bt_section69f20657d6c99\"  class=\"boldSection gutter \" ><div class=\"port\"><div class=\"boldCell\"><div class=\"boldCellInner\"><div class=\"boldRow \" ><div class=\"boldRowInner\"><div class=\"rowItem col-md-12 col-ms-12  btTextLeft\"  data-width=\"12\"><div class=\"rowItemContent\" ><div class=\"btClear btSeparator topSemiSpaced noBorder\" ><hr><\/div><div class=\"btText\" ><\/p>\n<h6><a href=\"#Opera%C3%A7%C3%B5es\">Operaciones<\/a> | <a href=\"#Sistema%20Log%C3%ADstico\">Sistema log\u00edstico<\/a> | <a href=\"#Galeria\">Galer\u00eda de fotos<\/a><\/h6>\n<h4><img loading=\"lazy\" decoding=\"async\" class=\"alignnone wp-image-5076 size-medium\" src=\"https:\/\/jfmin.com.br\/wp-content\/uploads\/2024\/06\/mapa_lhg-640x469.jpg\" alt=\"\" width=\"640\" height=\"469\" srcset=\"https:\/\/lhgmining.com.br\/wp-content\/uploads\/2024\/06\/mapa_lhg-640x469.jpg 640w, https:\/\/lhgmining.com.br\/wp-content\/uploads\/2024\/06\/mapa_lhg-1024x751.jpg 1024w, https:\/\/lhgmining.com.br\/wp-content\/uploads\/2024\/06\/mapa_lhg-320x235.jpg 320w, https:\/\/lhgmining.com.br\/wp-content\/uploads\/2024\/06\/mapa_lhg.jpg 1080w\" sizes=\"auto, (max-width: 640px) 100vw, 640px\" \/><\/h4>\n<h4 id=\"Opera\u00e7\u00f5es\">Operaciones<\/h4>\n<p>LHG Mining llega al mercado con una estructura liviana y la capacidad de invertir en la expansi\u00f3n de la producci\u00f3n de sus vastas reservas de mineral de hierro de alta ley. Su objetivo es ser una soluci\u00f3n \u00fanica y confiable para la cadena de producci\u00f3n de acero sostenible, contribuyendo para la reducci\u00f3n de las emisiones de gases del efecto invernadero.<\/p>\n<p>En 2022, LHG Mining naci\u00f3 a trav\u00e9s de la adquisici\u00f3n de MCR (Minera\u00e7\u00e3o Corumbaense Reunida) en Corumb\u00e1, Mato Grosso do Sul. Los minerales de hierro y manganeso vienen de dos minas de alto tenor en la regi\u00f3n de Corumb\u00e1 (Estado de Mato Grosso do Sul).<\/p>\n<p>El sistema integrado de log\u00edstica de la empresa incluye una empresa de log\u00edstica fluvial y un puerto propio, adem\u00e1s de un puerto aliado en la regi\u00f3n de Corumb\u00e1, una terminal mar\u00edtima en Nueva Palmira, en Uruguay, y tambi\u00e9n terminales de transporte terrestre para el mercado interno.<\/p>\n<h4 id=\"Sistema Log\u00edstico\">Minas<\/h4>\n<h5>Mina Santa Cruz<\/h5>\n<p>La mina de Santa Cruz tiene una extracci\u00f3n de mineral de hierro de alto tenor, a cielo abierto, y est\u00e1 en funcionamiento desde 1974. Su principal producto es el granulado (lump) de alto tenor, producto \u00fanico en el mercado. Adicionalmente, la mina de Santa Cruz produce un fino natural (s\u00ednter feed) con tenor superior a la media del mercado y granulometr\u00eda que permite alta productividad para la producci\u00f3n de sinterizado.<\/p>\n<h5>Mina Urucum<\/h5>\n<p>La mina de Urucum est\u00e1 en operaci\u00f3n desde 1903. Cuenta con una extracci\u00f3n de mineral de hierro a cielo abierto y una extracci\u00f3n subterr\u00e1nea de manganeso, \u00fanica en el pa\u00eds. Adem\u00e1s de granulados y finos de mineral de hierro con calidad similar a los de la mina de Santa Cruz, Urucum produce tambi\u00e9n un granulado de manganeso con excelente calidad para la producci\u00f3n de ferroaleaciones.<\/p>\n<h4>Sistema log\u00edstico integrado<\/h4>\n<h5>Puertos fluviales<\/h5>\n<p>El mineral se transporta por carretera o ferrocarril a dos puertos fluviales en el r\u00edo Paraguay: el puerto Greg\u00f3rio Curbo, propiedad de LHG Mining, y el puerto asociado Granel Qu\u00edmica.<\/p>\n<h5>Navegaci\u00f3n fluvial<\/h5>\n<p>La producci\u00f3n de MCR baja por la hidrov\u00eda de los r\u00edos Paraguay y Paran\u00e1 en direcci\u00f3n al mar en barcazas de Transbarge Navegaci\u00f3n (TBN), empresa de navegaci\u00f3n fluvial propia con sede en Asunci\u00f3n, o en embarcaciones de terceros.<\/p>\n<h5>Terminal mar\u00edtima<\/h5>\n<p>Despu\u00e9s de 2,5 mil quil\u00f3metros de hidrov\u00eda, las barcazas llegan a la terminal mar\u00edtima de Nueva Palmira, en Uruguay. All\u00ed se cargan nav\u00edos handy-maxes, panamaxes y baby-capes con cantidades de hasta 45 mil toneladas. En Uruguay tambi\u00e9n se realizan operaciones de transbordo en alto mar en las que nav\u00edos capesizes se cargan con hasta 180 mil toneladas de mineral.<\/p>\n<h5>Mercado interno<\/h5>\n<p>Los clientes del mercado brasile\u00f1o son atendidos por medio de las terminales de transporte terrestre de Tupacery y Ant\u00f4nio Maria Coelho, en el municipio de Corumb\u00e1 (Estado de Mato Grosso do Sul), adem\u00e1s de las terminales de transbordo ferroviario de Suzano, en el Estado de S\u00e3o Paulo, e Itutinga, en el Estado de Minas Gerais<\/p>\n<h4>Producci\u00f3n eficiente, a camino de un acero m\u00e1s sostenible<\/h4>\n<p>El objetivo de LHG Mining es convertirse en una soluci\u00f3n \u00fanica y confiable para la cadena de producci\u00f3n de acero m\u00e1s sostenible, permitiendo una reducci\u00f3n significativa de las emisiones de gases de efecto invernadero.<\/p>\n<h5>Procesamiento en seco<\/h5>\n<p>Las operaciones sostenibles respetan el medio ambiente, minimizando los impactos generados y promoviendo el uso adecuado de los recursos disponibles. En este sentido, <strong>el 80% de la producci\u00f3n de mineral de hierro de LHG Mining se realiza a trav\u00e9s de procesamiento en seco<\/strong>. La miner\u00eda en seco utiliza cantidades menores de agua y, por lo tanto, no genera residuos y dispensa la construcci\u00f3n de represas.<\/p>\n<p>Adem\u00e1s, debido a las caracter\u00edsticas \u00fanicas e intr\u00ednsecas de sus reservas, pr\u00e1cticamente no hay p\u00e9rdidas (generaci\u00f3n de material est\u00e9ril) durante las etapas de extracci\u00f3n y producci\u00f3n.<\/p>\n<p>Pr\u00e1cticamente todo el material manipulado y retirado de nuestras reservas minerales se convertir\u00e1 en producto final, resultando en una considerable reducci\u00f3n del impacto al medio ambiente.<\/p>\n<h5>Sistema de filtrado<\/h5>\n<p>En julio de 2023, tras la instalaci\u00f3n de un sistema de filtraci\u00f3n, <strong>LHG Mining deja de utilizar presas<\/strong>, incluso para el 20% de la producci\u00f3n procesada en h\u00famedo.<br \/>\nIncluso con todo eso, la meta es que el 100% de la producci\u00f3n pase ser en seco. De tal forma, la operaci\u00f3n tendr\u00e1 un impacto ambiental todav\u00eda m\u00e1s reducido y ofrecer\u00e1 mayor seguridad a todas las partes envueltas y al medio ambiente.<\/p>\n<h5>Granulado (lump) y reducci\u00f3n de emisiones<\/h5>\n<p>El principal producto de J&amp;F es el granulado (lump) de mineral de hierro. Por su elevado tenor de concentraci\u00f3n de hierro se considera un verdadero \u2018natural pellet\u2019 en comparaci\u00f3n a la pelota de mineral de hierro (material producido artificialmente con finos de mineral de hierro obtenido por medio de concentraci\u00f3n, aglomeraci\u00f3n y quemado).<\/p>\n<p>El granulado de mineral de hierro de J&amp;F es una alternativa ecol\u00f3gicamente eficiente para la reducci\u00f3n de emisi\u00f3n de gases del efecto invernadero en la producci\u00f3n de acero.<\/p>\n<p>Diferentemente de los dem\u00e1s tipos de fuentes de hierro, tales como las materias primas utilizadas para la siderurgia, el granulado de mineral de hierro de J&amp;F dispensa preparaciones o procesamiento de materias primas de hierro de alta calidad para uso directo en los procesos, o tecnolog\u00edas de producci\u00f3n de acero o hierro.<\/p>\n<p>Adem\u00e1s del menor impacto ambiental en la extracci\u00f3n y procesamiento del mineral en la mina, el granulado de J&amp;F permite la reducci\u00f3n de las emisiones de gases del efecto invernadero en la producci\u00f3n de acero por medio de las tecnolog\u00edas de alto horno y convertidor de ox\u00edgeno.<\/p>\n<p>La reducci\u00f3n de emisiones generada por el granulado de J&amp;F es del orden de 70 kg de CO2 por tonelada de acero, cuando en substituci\u00f3n del aglomerado sinterizado y de <strong>60 kg de CO2 por tonelada de acero, en substituci\u00f3n de la pelota de mineral de hierro.<br \/>\n<\/strong><\/p>\n<h5>\u201cNatural pellet\u201d<\/h5>\n<p>J&amp;F tambi\u00e9n desarrolla un nuevo producto, el \u2018natural pellet\u2019, para aplicaci\u00f3n en la ruta de producci\u00f3n del acero, utilizando tecnolog\u00edas de Reducci\u00f3n Directa y horno el\u00e9ctrico.<br \/>\nActualmente, esa tecnolog\u00eda utiliza gas natural para la producci\u00f3n de hierro primario y acero, <strong>emitiendo casi el 40% menos de CO2 por tonelada de acero<\/strong> producido, en comparaci\u00f3n con la ruta de alto horno\/convertidor de ox\u00edgeno.<\/p>\n<p>El \u2018natural pellet\u2019 para la ruta de Reducci\u00f3n Directa de J&amp;F podr\u00e1 substituir hasta el 30% la pelota de mineral de hierro, permitiendo una ca\u00edda a\u00fan mayor de la emisi\u00f3n de CO2 por tonelada producida, o entre el 6% y el 15% con relaci\u00f3n a la producci\u00f3n de acero utilizando el 100% de pelota.<\/p>\n<p>Para las pr\u00f3ximas d\u00e9cadas, el objetivo de los nuevos desarrollos tecnol\u00f3gicos es la substituci\u00f3n del gas natural por el H2 verde, lo que permitir\u00e1 la producci\u00f3n del acero verde, es decir, neutral en la emisi\u00f3n de CO2. <strong>El \u2018natural pellet\u2019 de J&amp;F ser\u00e1 uno de los mayores insumos para la producci\u00f3n del acero verde.<\/strong><\/p>\n<h3 id=\"Galeria\" style=\"text-align: center;\">Galer\u00eda<\/h3>\n<p>\n<\/div><div class=\"btClear btSeparator bottomSemiSpaced noBorder\" ><hr><\/div><div class=\"tilesWall btGridGallery tiled  btGridGap-2 lightbox\" data-col=\"3\"><div class=\"gridSizer\"><\/div><div class=\"gridItem btGhostSliderThumb bt11\" data-order-num=\"0\"><div class=\"btTileBox\"><div class=\"bpgPhoto \" > \r\n\t\t\t\t\t<a href=\"https:\/\/lhgmining.com.br\/wp-content\/uploads\/2023\/03\/Operacoes-Vista-frontal-Porto-Gregorio-Curvo.jpg?wsr\" class=\"lightbox\" data-title=\"Vista frontal Porto Greg\u00f3rio Curvo\"><\/a>\r\n\t\t\t\t\t<div class=\"boldPhotoBox\"><div class=\"bpbItem\"><div class = \"btImage\"><img decoding=\"async\" src=\"https:\/\/lhgmining.com.br\/wp-content\/uploads\/2023\/03\/Operacoes-Vista-frontal-Porto-Gregorio-Curvo-640x640.jpg?wsr\" alt=\"\" title=\"Vista frontal Porto Greg\u00f3rio Curvo\"><\/div><\/div><\/div>\r\n\t\t\t\t\t<div class=\"captionPane btDarkSkin btTextCenter\">\r\n\t\t\t\t\t\t<div class=\"captionTable\">\r\n\t\t\t\t\t\t\t<div class=\"captionCell\">\r\n\t\t\t\t\t\t\t\t<div class=\"captionTxt\"><header class=\"header btClear extrasmall\" ><div class=\"dash\"><h4><span class=\"headline\">Vista frontal Porto Greg\u00f3rio Curvo<\/span><\/h4><\/div><\/header><\/div>\r\n\t\t\t\t\t\t\t<\/div>\r\n\t\t\t\t\t\t<\/div>\r\n\t\t\t\t\t<\/div><\/div><\/div><\/div><div class=\"gridItem btGhostSliderThumb bt11\" data-order-num=\"1\"><div class=\"btTileBox\"><div class=\"bpgPhoto \" > \r\n\t\t\t\t\t<a href=\"https:\/\/lhgmining.com.br\/wp-content\/uploads\/2023\/03\/Minerio-de-manganes-mina-Urucum-.jpg?wsr\" class=\"lightbox\" data-title=\"Mineral de manganeso - mina Urucum \"><\/a>\r\n\t\t\t\t\t<div class=\"boldPhotoBox\"><div class=\"bpbItem\"><div class = \"btImage\"><img decoding=\"async\" src=\"https:\/\/lhgmining.com.br\/wp-content\/uploads\/2023\/03\/Minerio-de-manganes-mina-Urucum--640x640.jpg?wsr\" alt=\"\" title=\"Mineral de manganeso - mina Urucum \"><\/div><\/div><\/div>\r\n\t\t\t\t\t<div class=\"captionPane btDarkSkin btTextCenter\">\r\n\t\t\t\t\t\t<div class=\"captionTable\">\r\n\t\t\t\t\t\t\t<div class=\"captionCell\">\r\n\t\t\t\t\t\t\t\t<div class=\"captionTxt\"><header class=\"header btClear extrasmall\" ><div class=\"dash\"><h4><span class=\"headline\">Mineral de manganeso &#8211; mina Urucum <\/span><\/h4><\/div><\/header><\/div>\r\n\t\t\t\t\t\t\t<\/div>\r\n\t\t\t\t\t\t<\/div>\r\n\t\t\t\t\t<\/div><\/div><\/div><\/div><div class=\"gridItem btGhostSliderThumb bt11\" data-order-num=\"2\"><div class=\"btTileBox\"><div class=\"bpgPhoto \" > \r\n\t\t\t\t\t<a href=\"https:\/\/lhgmining.com.br\/wp-content\/uploads\/2023\/03\/Lavra-subterranea-manganes-mina-Urucum-.jpg?wsr\" class=\"lightbox\" data-title=\"Lavra subterra\u0302nea mangane\u0302s - Mina Urucum\"><\/a>\r\n\t\t\t\t\t<div class=\"boldPhotoBox\"><div class=\"bpbItem\"><div class = \"btImage\"><img decoding=\"async\" src=\"https:\/\/lhgmining.com.br\/wp-content\/uploads\/2023\/03\/Lavra-subterranea-manganes-mina-Urucum--640x640.jpg?wsr\" alt=\"\" title=\"Lavra subterra\u0302nea mangane\u0302s - Mina Urucum\"><\/div><\/div><\/div>\r\n\t\t\t\t\t<div class=\"captionPane btDarkSkin btTextCenter\">\r\n\t\t\t\t\t\t<div class=\"captionTable\">\r\n\t\t\t\t\t\t\t<div class=\"captionCell\">\r\n\t\t\t\t\t\t\t\t<div class=\"captionTxt\"><header class=\"header btClear extrasmall\" ><div class=\"dash\"><h4><span class=\"headline\">Lavra subterra\u0302nea mangane\u0302s &#8211; Mina Urucum<\/span><\/h4><\/div><\/header><\/div>\r\n\t\t\t\t\t\t\t<\/div>\r\n\t\t\t\t\t\t<\/div>\r\n\t\t\t\t\t<\/div><\/div><\/div><\/div><div class=\"gridItem btGhostSliderThumb bt11\" data-order-num=\"3\"><div class=\"btTileBox\"><div class=\"bpgPhoto \" > \r\n\t\t\t\t\t<a href=\"https:\/\/lhgmining.com.br\/wp-content\/uploads\/2023\/03\/Instalacao-de-beneficiamento-mina-Santa-Cruz-.jpg?wsr\" class=\"lightbox\" data-title=\"Instalaci\u00f3n de beneficio - mina Santa \"><\/a>\r\n\t\t\t\t\t<div class=\"boldPhotoBox\"><div class=\"bpbItem\"><div class = \"btImage\"><img decoding=\"async\" src=\"https:\/\/lhgmining.com.br\/wp-content\/uploads\/2023\/03\/Instalacao-de-beneficiamento-mina-Santa-Cruz--640x640.jpg?wsr\" alt=\"\" title=\"Instalaci\u00f3n de beneficio - mina Santa \"><\/div><\/div><\/div>\r\n\t\t\t\t\t<div class=\"captionPane btDarkSkin btTextCenter\">\r\n\t\t\t\t\t\t<div class=\"captionTable\">\r\n\t\t\t\t\t\t\t<div class=\"captionCell\">\r\n\t\t\t\t\t\t\t\t<div class=\"captionTxt\"><header class=\"header btClear extrasmall\" ><div class=\"dash\"><h4><span class=\"headline\">Instalaci\u00f3n de beneficio &#8211; mina Santa <\/span><\/h4><\/div><\/header><\/div>\r\n\t\t\t\t\t\t\t<\/div>\r\n\t\t\t\t\t\t<\/div>\r\n\t\t\t\t\t<\/div><\/div><\/div><\/div><div class=\"gridItem btGhostSliderThumb bt11\" data-order-num=\"4\"><div class=\"btTileBox\"><div class=\"bpgPhoto \" > \r\n\t\t\t\t\t<a href=\"https:\/\/lhgmining.com.br\/wp-content\/uploads\/2023\/03\/Operacao-de-embarque-PCG.jpg?wsr\" class=\"lightbox\" data-title=\"Operaciones de env\u00edo Porto Greg\u00f3rio \"><\/a>\r\n\t\t\t\t\t<div class=\"boldPhotoBox\"><div class=\"bpbItem\"><div class = \"btImage\"><img decoding=\"async\" src=\"https:\/\/lhgmining.com.br\/wp-content\/uploads\/2023\/03\/Operacao-de-embarque-PCG-640x640.jpg?wsr\" alt=\"\" title=\"Operaciones de env\u00edo Porto Greg\u00f3rio \"><\/div><\/div><\/div>\r\n\t\t\t\t\t<div class=\"captionPane btDarkSkin btTextCenter\">\r\n\t\t\t\t\t\t<div class=\"captionTable\">\r\n\t\t\t\t\t\t\t<div class=\"captionCell\">\r\n\t\t\t\t\t\t\t\t<div class=\"captionTxt\"><header class=\"header btClear extrasmall\" ><div class=\"dash\"><h4><span class=\"headline\">Operaciones de env\u00edo Porto Greg\u00f3rio <\/span><\/h4><\/div><\/header><\/div>\r\n\t\t\t\t\t\t\t<\/div>\r\n\t\t\t\t\t\t<\/div>\r\n\t\t\t\t\t<\/div><\/div><\/div><\/div><div class=\"gridItem btGhostSliderThumb bt11\" data-order-num=\"5\"><div class=\"btTileBox\"><div class=\"bpgPhoto \" > \r\n\t\t\t\t\t<a href=\"https:\/\/lhgmining.com.br\/wp-content\/uploads\/2023\/03\/Vista-aerea-lavra-minerio-de-ferro.jpg?wsr\" class=\"lightbox\" data-title=\"Extraccion de mineral de hierro\"><\/a>\r\n\t\t\t\t\t<div class=\"boldPhotoBox\"><div class=\"bpbItem\"><div class = \"btImage\"><img decoding=\"async\" src=\"https:\/\/lhgmining.com.br\/wp-content\/uploads\/2023\/03\/Vista-aerea-lavra-minerio-de-ferro-640x640.jpg?wsr\" alt=\"\" title=\"Extraccion de mineral de hierro\"><\/div><\/div><\/div>\r\n\t\t\t\t\t<div class=\"captionPane btDarkSkin btTextCenter\">\r\n\t\t\t\t\t\t<div class=\"captionTable\">\r\n\t\t\t\t\t\t\t<div class=\"captionCell\">\r\n\t\t\t\t\t\t\t\t<div class=\"captionTxt\"><header class=\"header btClear extrasmall\" ><div class=\"dash\"><h4><span class=\"headline\">Extraccion de mineral de hierro<\/span><\/h4><\/div><\/header><\/div>\r\n\t\t\t\t\t\t\t<\/div>\r\n\t\t\t\t\t\t<\/div>\r\n\t\t\t\t\t<\/div><\/div><\/div><\/div><\/div><\/div><\/div><\/div><\/div><\/div><\/div><\/div><\/section><section id=\"bt_section69f20657d99e3\"  class=\"boldSection gutter \" ><div class=\"port\"><div class=\"boldCell\"><div class=\"boldCellInner\"><div class=\"boldRow \" ><div class=\"boldRowInner\"><div class=\"rowItem col-md-12 col-ms-12  btTextCenter inherit\"  data-width=\"12\"><div class=\"rowItemContent\" ><\/div><\/div><\/div><\/div><\/div><\/div><\/div><\/section><\/p>\n","protected":false},"excerpt":{"rendered":"","protected":false},"author":1,"featured_media":0,"parent":0,"menu_order":0,"comment_status":"closed","ping_status":"closed","template":"","meta":{"_acf_changed":false,"footnotes":""},"class_list":["post-4735","page","type-page","status-publish","hentry"],"acf":[],"_links":{"self":[{"href":"https:\/\/lhgmining.com.br\/es\/wp-json\/wp\/v2\/pages\/4735","targetHints":{"allow":["GET"]}}],"collection":[{"href":"https:\/\/lhgmining.com.br\/es\/wp-json\/wp\/v2\/pages"}],"about":[{"href":"https:\/\/lhgmining.com.br\/es\/wp-json\/wp\/v2\/types\/page"}],"author":[{"embeddable":true,"href":"https:\/\/lhgmining.com.br\/es\/wp-json\/wp\/v2\/users\/1"}],"replies":[{"embeddable":true,"href":"https:\/\/lhgmining.com.br\/es\/wp-json\/wp\/v2\/comments?post=4735"}],"version-history":[{"count":2,"href":"https:\/\/lhgmining.com.br\/es\/wp-json\/wp\/v2\/pages\/4735\/revisions"}],"predecessor-version":[{"id":5123,"href":"https:\/\/lhgmining.com.br\/es\/wp-json\/wp\/v2\/pages\/4735\/revisions\/5123"}],"wp:attachment":[{"href":"https:\/\/lhgmining.com.br\/es\/wp-json\/wp\/v2\/media?parent=4735"}],"curies":[{"name":"wp","href":"https:\/\/api.w.org\/{rel}","templated":true}]}}