{"id":4734,"date":"2023-02-15T17:00:39","date_gmt":"2023-02-15T20:00:39","guid":{"rendered":"https:\/\/jfmin.com.br\/sostenibilidad\/"},"modified":"2024-06-14T11:08:24","modified_gmt":"2024-06-14T14:08:24","slug":"sostenibilidad","status":"publish","type":"page","link":"https:\/\/lhgmining.com.br\/es\/sostenibilidad\/","title":{"rendered":"Sostenibilidad"},"content":{"rendered":"<section id=\"bt_section69d7547c016c1\"  class=\"boldSection gutter \" ><div class=\"port\"><div class=\"boldCell\"><div class=\"boldCellInner\"><div class=\"boldRow \" ><div class=\"boldRowInner\"><div class=\"rowItem col-md-12 col-ms-12  btTextLeft\"  data-width=\"12\"><div class=\"rowItemContent\" ><div class=\"btClear btSeparator topSemiSpaced noBorder\" ><hr><\/div><div class=\"btText\" ><\/p>\n<h6><a href=\"#Sustentabilidade\">Sostenibilidad<\/a> | <a href=\"#Produ%C3%A7%C3%A3o%20Eficiente\">Producci\u00f3n eficiente<\/a> | <a href=\"#Viveiro\">Vivero forestal<\/a> | <a href=\"#Moinho\">Molino cultural<\/a><\/h6>\n<p><img loading=\"lazy\" decoding=\"async\" class=\"alignnone wp-image-3777 size-full\" src=\"https:\/\/jfmin.com.br\/wp-content\/uploads\/2023\/03\/sustentabilidade1.jpg\" alt=\"\" width=\"1920\" height=\"1080\" srcset=\"https:\/\/lhgmining.com.br\/wp-content\/uploads\/2023\/03\/sustentabilidade1.jpg 1920w, https:\/\/lhgmining.com.br\/wp-content\/uploads\/2023\/03\/sustentabilidade1-640x360.jpg 640w, https:\/\/lhgmining.com.br\/wp-content\/uploads\/2023\/03\/sustentabilidade1-1280x720.jpg 1280w, https:\/\/lhgmining.com.br\/wp-content\/uploads\/2023\/03\/sustentabilidade1-1024x576.jpg 1024w, https:\/\/lhgmining.com.br\/wp-content\/uploads\/2023\/03\/sustentabilidade1-1536x864.jpg 1536w, https:\/\/lhgmining.com.br\/wp-content\/uploads\/2023\/03\/sustentabilidade1-320x180.jpg 320w\" sizes=\"auto, (max-width: 1920px) 100vw, 1920px\" \/><\/p>\n<h4 id=\"Sustentabilidade\">Sostenibilidad<\/h4>\n<p><span style=\"font-weight: 400;\">J&amp;F Investimentos establece directrices, metas y objetivos para la mejora continua de su desempe\u00f1o operativo, haciendo que los procesos productivos sean m\u00e1s eficientes y sostenibles.<\/span><\/p>\n<p><span style=\"font-weight: 400;\">J&amp;F tambi\u00e9n tiene una <\/span><b>Pol\u00edtica de Compra Responsable<\/b><span style=\"font-weight: 400;\"> de materia prima que determina criterios socioambientales para la selecci\u00f3n de sus proveedores.<\/span><\/p>\n<p><span style=\"font-weight: 400;\">El grupo tambi\u00e9n promueve <\/span><b>acciones sociales<\/b><span style=\"font-weight: 400;\"> por medio de proyectos con valores s\u00f3lidos e impacto concreto en la sociedad que abren camino hacia un Brasil mejor y m\u00e1s justo, con iniciativas que incluyen las \u00e1reas de educaci\u00f3n (empleo y capacitaci\u00f3n profesional), medio ambiente (preservaci\u00f3n de bosques y manejo de recursos h\u00eddricos) y tambi\u00e9n de combate a la corrupci\u00f3n. <\/span><\/p>\n<p><span style=\"font-weight: 400;\">A su vez, los <\/span><b>proyectos ambientales<\/b><span style=\"font-weight: 400;\"> realizados por J&amp;F incluyen 345 mil hect\u00e1reas de \u00e1reas de conservaci\u00f3n ambiental y reforestaci\u00f3n, programas educativos de preservaci\u00f3n ambiental y apoyo al peque\u00f1o y medio agricultor.<\/span><\/p>\n<p><span style=\"font-weight: 400;\">LHG Mining y su subsidiaria, MCR (Minera\u00e7\u00e3o Corumbaense Reunida), siguen todas las directrices y objetivos del grupo J&amp;F Investment, adoptando las mejores pr\u00e1cticas operativas y desarrollando proyectos de sostenibilidad que contribuyan al desarrollo socioecon\u00f3mico de las regiones donde opera.<\/span><\/p>\n<h4 id=\"Produ\u00e7\u00e3o Eficiente\">Producci\u00f3n eficiente, a camino de un acero m\u00e1s sostenible<\/h4>\n<p><span style=\"font-weight: 400;\">El objetivo de LHG Mining es convertirse en una soluci\u00f3n \u00fanica y confiable para la cadena de producci\u00f3n de acero m\u00e1s sostenible, permitiendo una reducci\u00f3n significativa de las emisiones de gases de efecto invernadero.<\/span><\/p>\n<p><span style=\"font-weight: 400;\">El 80% de la producci\u00f3n de las minas de Santa Cruz y Urucum se realiza por medio del procesamiento en seco, minimizando el uso de agua y de represas. A partir de Julio de 2023, un nuevo sistema de filtrado eliminar\u00e1 por completo el uso de represas. A medio plazo, la meta es que el 100% de la producci\u00f3n pase a ser en seco.  <\/span><\/p>\n<p><span style=\"font-weight: 400;\">El principal producto de J&amp;F es el granulado (lump) de mineral de hierro. Por su elevado tenor de concentraci\u00f3n de hierro,  <\/span><b>es una alternativa ecol\u00f3gicamente eficiente para la reducci\u00f3n de emisi\u00f3n de gases del efecto invernadero en la producci\u00f3n de acero.<\/b><\/p>\n<p><span style=\"font-weight: 400;\">La reducci\u00f3n de emisiones generada por el granulado de J&amp;F es del orden de 70 kg de CO2 por tonelada de acero, cuando en substituci\u00f3n del aglomerado sinterizado y de <\/span><b>60 kg de CO2 por tonelada de acero, en substituci\u00f3n de la pelota de mineral de hierro.<\/b><span style=\"font-weight: 400;\">. <\/span> <\/p>\n<p><span style=\"font-weight: 400;\">J&amp;F tambi\u00e9n desarrolla un nuevo producto, el \u2018<\/span><b>natural pelle<\/b><span style=\"font-weight: 400;\">t\u2019, para aplicaci\u00f3n en la ruta de producci\u00f3n del acero, utilizando tecnolog\u00edas de Reducci\u00f3n Directa y horno el\u00e9ctrico entre el 6% y el 15% con relaci\u00f3n a la producci\u00f3n de acero utilizando el 100% de pelota.<\/span><\/p>\n<p><span style=\"font-weight: 400;\">Para las pr\u00f3ximas d\u00e9cadas, el objetivo de los nuevos desarrollos tecnol\u00f3gicos es la substituci\u00f3n del gas natural por el H2 verde, lo que permitir\u00e1 la producci\u00f3n del acero verde, es decir, neutral en la emisi\u00f3n de CO2. <\/span><b>El \u2018natural pellet\u2019 de J&amp;F ser\u00e1 uno de los mayores insumos para la producci\u00f3n del acero verde.<\/b><\/p>\n<h4 id=\"Viveiro\">Conservaci\u00f3n ambiental y reforestaci\u00f3n: Vivero Forestal<\/h4>\n<p>LHG Mining y MCR fueron reconocidos por el IBAMA por el proyecto de Recuperaci\u00f3n de \u00c1reas Degradadas, Vivero Forestal, una iniciativa que promueve el cultivo de especies nativas, que luego se utilizan para la replantaci\u00f3n en \u00e1reas minadas.<\/p>\n<p>En 20 a\u00f1os, ya se produjeron m\u00e1s de <strong>2,5 millones de plantones nativos<\/strong> regionales. El proyecto cuenta tambi\u00e9n con un banco de semillas que permitir\u00e1 el mantenimiento de las especies en el futuro. Desde 2006, se han recuperado m\u00e1s de 200 hect\u00e1reas de \u00e1reas explotadas, utilizando 117 especies de 94 g\u00e9neros y 36 familias bot\u00e1nicas, mientras que <strong>LHG Mining conserva 1.500 hect\u00e1reas de vegetaci\u00f3n nativa<\/strong> a trav\u00e9s de la adquisici\u00f3n y preservaci\u00f3n de fincas en las cercan\u00edas de las operaciones.<\/p>\n<p>El programa Vivero Forestal incluye la reconformaci\u00f3n topogr\u00e1fica y paisaj\u00edstica por medio de la plantaci\u00f3n de plantones, lanzamiento de un c\u00f3ctel de semillas nativas, lanzamiento de biomasa, contenci\u00f3n de procesos de erosi\u00f3n, construcci\u00f3n de apoyos para atracci\u00f3n de la fauna y programa de combate a las especies ex\u00f3ticas.<\/p>\n<h4 id=\"Moinho\">Molino Cultural Sudamericano<\/h4>\n<p>Moinho Cultural Sul-Americano es una instituci\u00f3n sin fines de lucro que atiende a j\u00f3venes y adolescentes en riesgo social, con el apoyo de LHG Mining para iniciativas en Mato Grosso do Sul.<br \/>\nEntre las iniciativas del Molino Cultural se destacan las siguientes:<\/p>\n<ul>\n<li>+ de 2,09 millones de horas de clase y capacitaciones t\u00e9cnicas<\/li>\n<li>284,5 millones de metros c\u00fabicos de agua tratada por las empresas del grupo.<\/li>\n<li>345 mil hect\u00e1reas de \u00e1reas de conservaci\u00f3n ambiental y reforestaci\u00f3n<\/li>\n<li>+ 11,3 mil ni\u00f1os y j\u00f3venes beneficiados por acciones del grupo en las \u00e1reas de educaci\u00f3n y colocaci\u00f3n en el mercado de trabajo<\/li>\n<li>+ 4,5 mil ni\u00f1os de comunidades de la regi\u00f3n Tr\u00eas Lagoas (Estado de Mato Grosso do Sul) recibieron kits de higiene bucal<\/li>\n<li>+ de 164,7 mil personas recibieron cursos de educaci\u00f3n profesional<\/li>\n<li>Alianza con el proyecto Chefs Especiales que promueve la inclusi\u00f3n social de personas portadoras de S\u00edndrome de Down por medio de la gastronom\u00eda<\/li>\n<li>+ de 370 personas con discapacidad capacitadas para el mercado por medio del proyecto Taller de Trabajos Experimentales, en alianza con unidades regionales de APAE<\/li>\n<\/ul>\n<p>\n<\/div><div class=\"btClear btSeparator topSemiSpaced noBorder\" ><hr><\/div><\/div><\/div><\/div><\/div><\/div><\/div><\/div><\/section>\n","protected":false},"excerpt":{"rendered":"","protected":false},"author":1,"featured_media":0,"parent":0,"menu_order":0,"comment_status":"closed","ping_status":"closed","template":"","meta":{"_acf_changed":false,"footnotes":""},"class_list":["post-4734","page","type-page","status-publish","hentry"],"acf":[],"_links":{"self":[{"href":"https:\/\/lhgmining.com.br\/es\/wp-json\/wp\/v2\/pages\/4734","targetHints":{"allow":["GET"]}}],"collection":[{"href":"https:\/\/lhgmining.com.br\/es\/wp-json\/wp\/v2\/pages"}],"about":[{"href":"https:\/\/lhgmining.com.br\/es\/wp-json\/wp\/v2\/types\/page"}],"author":[{"embeddable":true,"href":"https:\/\/lhgmining.com.br\/es\/wp-json\/wp\/v2\/users\/1"}],"replies":[{"embeddable":true,"href":"https:\/\/lhgmining.com.br\/es\/wp-json\/wp\/v2\/comments?post=4734"}],"version-history":[{"count":2,"href":"https:\/\/lhgmining.com.br\/es\/wp-json\/wp\/v2\/pages\/4734\/revisions"}],"predecessor-version":[{"id":5127,"href":"https:\/\/lhgmining.com.br\/es\/wp-json\/wp\/v2\/pages\/4734\/revisions\/5127"}],"wp:attachment":[{"href":"https:\/\/lhgmining.com.br\/es\/wp-json\/wp\/v2\/media?parent=4734"}],"curies":[{"name":"wp","href":"https:\/\/api.w.org\/{rel}","templated":true}]}}