{"id":4713,"date":"2023-02-15T17:00:11","date_gmt":"2023-02-15T20:00:11","guid":{"rendered":"https:\/\/jfmin.com.br\/quienes-somos\/"},"modified":"2025-05-27T11:06:31","modified_gmt":"2025-05-27T14:06:31","slug":"quienes-somos","status":"publish","type":"page","link":"https:\/\/lhgmining.com.br\/es\/quienes-somos\/","title":{"rendered":"Quienes Somos"},"content":{"rendered":"<section id=\"bt_section69f0d586cc904\"  class=\"boldSection gutter \" ><div class=\"port\"><div class=\"boldCell\"><div class=\"boldCellInner\"><div class=\"boldRow \" ><div class=\"boldRowInner\"><div class=\"rowItem col-md-12 col-ms-12  btTextLeft\"  data-width=\"12\"><div class=\"rowItemContent\" ><div class=\"btClear btSeparator topSemiSpaced noBorder\" ><hr><\/div><div class=\"btText\" ><\/p>\n<h6><a href=\"#LHG\">LHG Mining<\/a> | <a href=\"#Miss%C3%A3o\">Misi\u00f3n<\/a> | <a href=\"#Nossas%20Cren%C3%A7as\">Nuestras creencias<\/a> | Nuestros <a href=\"#Nossos%20Valores\">valores<\/a><\/h6>\n<h4><img loading=\"lazy\" decoding=\"async\" class=\"alignnone wp-image-4592 size-full\" src=\"https:\/\/jfmin.com.br\/wp-content\/uploads\/2023\/03\/Quem-somos5-1.jpg\" alt=\"\" width=\"1200\" height=\"675\" srcset=\"https:\/\/lhgmining.com.br\/wp-content\/uploads\/2023\/03\/Quem-somos5-1.jpg 1200w, https:\/\/lhgmining.com.br\/wp-content\/uploads\/2023\/03\/Quem-somos5-1-640x360.jpg 640w, https:\/\/lhgmining.com.br\/wp-content\/uploads\/2023\/03\/Quem-somos5-1-1024x576.jpg 1024w, https:\/\/lhgmining.com.br\/wp-content\/uploads\/2023\/03\/Quem-somos5-1-320x180.jpg 320w\" sizes=\"auto, (max-width: 1200px) 100vw, 1200px\" \/><\/h4>\n<h4>Quienes Somos<\/h4>\n<p>LHG Mining fue fundada en 2022, con la adquisici\u00f3n de MCR (Minera\u00e7\u00e3o Corumbaense Reunida) por el Grupo J&amp;F, el mayor grupo empresarial de Brasil. J&amp;F tiene operaciones en m\u00e1s de 20 pa\u00edses y m\u00e1s de 270 mil colaboradores en las \u00e1reas de alimentos, celulosa, energ\u00eda, miner\u00eda, servicios financieros, comunicaci\u00f3n, cosm\u00e9ticos e higiene y limpieza.<br \/>\nCon una historia iniciada en 1953, J&amp;F Investimentos tiene una trayectoria consistente de creaci\u00f3n de valor y crecimiento. Sus actividades generan empleos y renta para Brasil y los brasile\u00f1os: son m\u00e1s de 150 mil colaboradores directos en el pa\u00eds.<br \/>\nEl grupo controla JBS, la mayor productora mundial de alimentos; Eldorado Brasil, una de las m\u00e1s modernas y sostenibles fabricantes de celulosa del mundo; el Banco Original, el primero 100% digital; PicPay, la mayor aplicaci\u00f3n de pagos instant\u00e1neos de Brasil; adem\u00e1s de \u00c2mbar Energia, Flora Higiene e Cosm\u00e9ticos, Canal Rural y LHG Mining.<\/p>\n<h4 id=\"LHG\">LHG Mining<\/h4>\n<p>Con puerto propio, log\u00edstica integrada y operaciones optimizadas de mineral de hierro y mineral de manganeso, LHG Mining llega al mercado con potencia para invertir en el sector de miner\u00eda y generar empleos, siempre enfocada en convertirse en una soluci\u00f3n \u00fanica para la cadena de producci\u00f3n de acero m\u00e1s sostenible.<br \/>\nConstituida en 1974, MCR tiene sede y operaciones en el Estado de Mato Grosso do Sul. La empres posee las minas de Santa Cruz y Urucum, en los municipios de Corumb\u00e1 y Lad\u00e1rio (Estado de Mato Grosso do Sul), con vastas reservas de mineral de hierro de alto tenor y manganeso.<br \/>\nLas operaciones de LHG Mining cuentan con m\u00e1s 2000 colaboradores, siendo en Brasil, en Paraguay y Uruguay.<\/p>\n<p>\n<\/div><div class=\"btClear btSeparator bottomSemiSpaced noBorder\" ><hr><\/div><div class=\"btText\" ><\/p>\n<p style=\"text-align: center;\"><img loading=\"lazy\" decoding=\"async\" class=\"alignnone size-full wp-image-4542\" src=\"https:\/\/jfmin.com.br\/wp-content\/uploads\/2023\/03\/missao.png\" alt=\"\" width=\"80\" height=\"80\" \/><\/p>\n<h4 id=\"Miss\u00e3o\" style=\"text-align: center;\">Misi\u00f3n<\/h4>\n<p>Ser los mejores en lo que nos propusimos hacer, con enfoque absoluto en nuestras actividades, asegurando los mejores productos y servicios a los clientes, solidez a los proveedores, rentabilidad a los accionistas y la oportunidad de un futuro mejor para todos los colaboradores.<\/p>\n<p>\n<\/div><div class=\"btClear btSeparator bottomSemiSpaced noBorder\" ><hr><\/div><div class=\"btText\" ><\/p>\n<h4 id=\"Nossas Cren\u00e7as\" style=\"text-align: center;\">Nuestras creencias<\/h4>\n<div class=\"mega-container-qs\">\n<div class=\"container-qs\">\n<div class=\"container-img-qs\"><img decoding=\"async\" class=\"icones-qs\" src=\"\/wp-content\/uploads\/2023\/02\/foco.png\" \/><\/div>\n<p class=\"qs\">Enfoque en el detalle<\/p>\n<\/div>\n<div class=\"container-qs\">\n<div class=\"container-img-qs\"><img decoding=\"async\" class=\"icones-qs\" src=\"\/wp-content\/uploads\/2023\/02\/mao-na-massa.png\" \/><\/div>\n<p class=\"qs\">Manos a la obra<\/p>\n<\/div>\n<div class=\"container-qs\">\n<div class=\"container-img-qs\"><img decoding=\"async\" class=\"icones-qs\" src=\"\/wp-content\/uploads\/2023\/02\/conquistas.png\" \/><\/div>\n<p class=\"qs\">Las cosas solamente se conquistan con mucho trabajo<\/p>\n<\/div>\n<div class=\"container-qs\">\n<div class=\"container-img-qs\"><img decoding=\"async\" class=\"icones-qs\" src=\"\/wp-content\/uploads\/2023\/02\/pessoa.png\" \/><\/div>\n<p class=\"qs\">La persona correcta en el lugar correcto<\/p>\n<\/div>\n<div class=\"container-qs\">\n<div class=\"container-img-qs\"><img decoding=\"async\" class=\"icones-qs\" src=\"\/wp-content\/uploads\/2023\/02\/paixao.png\" \/><\/div>\n<p class=\"qs\">Pasi\u00f3n por lo que hace<\/p>\n<\/div>\n<div class=\"container-qs\">\n<div class=\"container-img-qs\"><img decoding=\"async\" class=\"icones-qs\" src=\"\/wp-content\/uploads\/2023\/02\/atitude.png\" \/><\/div>\n<p class=\"qs\">La actitud es m\u00e1s importante que el conocimiento<\/p>\n<\/div>\n<div class=\"container-qs\">\n<div class=\"container-img-qs\"><img decoding=\"async\" class=\"icones-qs\" src=\"\/wp-content\/uploads\/2023\/02\/lider.png\" \/><\/div>\n<p class=\"qs\">El l\u00edder es quien tiene que conquistar a sus liderados<\/p>\n<\/div>\n<div class=\"container-qs\">\n<div class=\"container-img-qs\"><img decoding=\"async\" class=\"icones-qs\" src=\"\/wp-content\/uploads\/2023\/02\/liderar.png\" \/><\/div>\n<p class=\"qs\">Liderar con el ejemplo<\/p>\n<\/div>\n<div class=\"container-qs\">\n<div class=\"container-img-qs\"><img decoding=\"async\" class=\"icones-qs\" src=\"\/wp-content\/uploads\/2023\/02\/resultado.png\" \/><\/div>\n<p class=\"qs\">Enfoque en el resultado<\/p>\n<\/div>\n<div class=\"container-qs\">\n<div class=\"container-img-qs\"><img decoding=\"async\" class=\"icones-qs\" src=\"\/wp-content\/uploads\/2023\/02\/trabalhar.png\" \/><\/div>\n<p class=\"qs\">Trabajar con gente mejor que uno mismo<\/p>\n<\/div>\n<div class=\"container-qs\">\n<div class=\"container-img-qs\"><img decoding=\"async\" class=\"icones-qs\" src=\"\/wp-content\/uploads\/2023\/02\/acreditar.png\" \/><\/div>\n<p class=\"qs\">Creer es un factor de diferencia<\/p>\n<\/div>\n<div class=\"container-qs\">\n<div class=\"container-img-qs\"><img decoding=\"async\" class=\"icones-qs\" src=\"\/wp-content\/uploads\/2023\/02\/produtos.png\" \/><\/div>\n<p class=\"qs\">Productos y servicios de calidad<\/p>\n<\/div>\n<\/div>\n<p>\n<\/div><div class=\"btClear btSeparator bottomSemiSpaced noBorder\" ><hr><\/div><div class=\"btText\" ><\/p>\n<h2 style=\"text-align: center;\"><img loading=\"lazy\" decoding=\"async\" class=\"alignnone size-full wp-image-4546\" src=\"https:\/\/jfmin.com.br\/wp-content\/uploads\/2023\/03\/valores.png\" alt=\"\" width=\"80\" height=\"80\" \/><\/h2>\n<h4 id=\"Nossos Valores\" class=\"heading-title\" style=\"text-align: center;\"><span class=\"title-text pp-primary-title\">Valores<\/span><\/h4>\n<p>\n<\/div><div class=\"btClear btSeparator bottomSemiSpaced noBorder\" ><hr><\/div><\/div><\/div><\/div><\/div><div class=\"boldRow \" ><div class=\"boldRowInner\"><div class=\"rowItem col-md-4 col-ms-12 btTextLeft\"  data-width=\"4\"><div class=\"rowItemContent\" ><div class=\"btText\" ><\/p>\n<h5>Actitud de due\u00f1o<\/h5>\n<p>Comprometido con el resultado, conoce con profundidad lo que hace y tiene una visi\u00f3n del todo. Act\u00faa con obstinaci\u00f3n, disciplina y enfoque en los detalles. Tiene la actitud de manos a la obra, siempre busca ser el mejor en lo que hace y nunca desiste.<br \/>\nSiempre est\u00e1 disponible y da el ejemplo. Se indigna, no se conforma, no se calla ni se omite cuando ve algo que no funciona bien o que puede mejorar. Presta atenci\u00f3n a los gastos y a la econom\u00eda de cada centavo. Est\u00e1 comprometido con la cultura de la organizaci\u00f3n.<\/p>\n<h5>Humildad<\/h5>\n<p>Sabe escuchar, es atento, considera la opini\u00f3n de los dem\u00e1s, no le importa qui\u00e9n hizo algo, sino lo que todos hicimos. No tiene verg\u00fcenza de preguntar ni de decir que no sabe. No es arrogante ni vanidoso y act\u00faa con respeto. No se preocupa con categor\u00eda ni piensa que su verdad es la \u00fanica. Prioriza el nosotros y no el yo.<\/p>\n<p>\n<\/div><div class=\"btClear btSeparator noBorder\" ><hr><\/div><\/div><\/div><div class=\"rowItem col-md-4 col-ms-12 btTextLeft\"  data-width=\"4\"><div class=\"rowItemContent\" ><div class=\"btText\" ><\/p>\n<h5>Franqueza<\/h5>\n<p>Es directo, sincero, verdadero y transparente en sus relaciones, siempre con respeto, de forma positiva, agregadora y acogedora. No se omite, expresa sus opiniones, aunque sean contrarias a las de los dem\u00e1s. Sabe decir que no.<\/p>\n<h5>Disponibilidad<\/h5>\n<p>Es receptivo, accesible, disponible, cualquier momento es bueno, siempre est\u00e1 preparado y considera el trabajo una prioridad. Est\u00e1 abierto a lo que es nuevo, a los cambios y est\u00e1 motivado para nuevos desaf\u00edos.<\/p>\n<h5>Disciplina<\/h5>\n<p>Cumple lo combinado, es puntual con el horario y sus compromisos. Realiza sus tareas de forma disciplinada. Es enfocado, pragm\u00e1tico, optimiza el tiempo, las actividades y los recursos. Entrega resultados, no crea justificativas y disculpas.<\/p>\n<p>\n<\/div><div class=\"btClear btSeparator noBorder\" ><hr><\/div><\/div><\/div><div class=\"rowItem col-md-4 col-ms-12 btTextLeft\"  data-width=\"4\"><div class=\"rowItemContent\" ><div class=\"btText\" ><\/p>\n<h5>Determinaci\u00f3n<\/h5>\n<p>Es obstinado, entrega resultados superiores y cumple sus compromisos. Hace que las cosas sucedan, busca alternativas para los problemas y compromete a las personas en la b\u00fasqueda de un objetivo com\u00fan. Tiene sentido de urgencia, actitud de due\u00f1o y nunca desiste.<\/p>\n<h5>Simplicidad<\/h5>\n<p>Hace que las cosas sucedan de manera simple y pr\u00e1ctica, pone manos a la obra, va derecho al punto, descomplica y desburocratiza, respetando las normas.<\/p>\n<p>\n<\/div><div class=\"btClear btSeparator noBorder\" ><hr><\/div><\/div><\/div><\/div><\/div><div class=\"boldRow \" ><div class=\"boldRowInner\"><div class=\"rowItem col-md-12 col-ms-12  btTextLeft\"  data-width=\"12\"><div class=\"rowItemContent\" ><div class=\"btClear btSeparator bottomSemiSpaced noBorder\" ><hr><\/div><div class=\"btText\" ><\/p>\n<p style=\"text-align: center;\"><a href=\"https:\/\/lhgmining.com.br\/codigo-de-conducta\" target=\"_blank\" rel=\"noopener\">C\u00f3digo de Conducta y \u00c9tica<\/a><\/p>\n<p>\n<\/div><div class=\"btClear btSeparator bottomSemiSpaced noBorder\" ><hr><\/div><\/div><\/div><\/div><\/div><\/div><\/div><\/div><\/section>\n","protected":false},"excerpt":{"rendered":"","protected":false},"author":1,"featured_media":0,"parent":0,"menu_order":0,"comment_status":"closed","ping_status":"closed","template":"","meta":{"_acf_changed":false,"footnotes":""},"class_list":["post-4713","page","type-page","status-publish","hentry"],"acf":[],"_links":{"self":[{"href":"https:\/\/lhgmining.com.br\/es\/wp-json\/wp\/v2\/pages\/4713","targetHints":{"allow":["GET"]}}],"collection":[{"href":"https:\/\/lhgmining.com.br\/es\/wp-json\/wp\/v2\/pages"}],"about":[{"href":"https:\/\/lhgmining.com.br\/es\/wp-json\/wp\/v2\/types\/page"}],"author":[{"embeddable":true,"href":"https:\/\/lhgmining.com.br\/es\/wp-json\/wp\/v2\/users\/1"}],"replies":[{"embeddable":true,"href":"https:\/\/lhgmining.com.br\/es\/wp-json\/wp\/v2\/comments?post=4713"}],"version-history":[{"count":5,"href":"https:\/\/lhgmining.com.br\/es\/wp-json\/wp\/v2\/pages\/4713\/revisions"}],"predecessor-version":[{"id":5119,"href":"https:\/\/lhgmining.com.br\/es\/wp-json\/wp\/v2\/pages\/4713\/revisions\/5119"}],"wp:attachment":[{"href":"https:\/\/lhgmining.com.br\/es\/wp-json\/wp\/v2\/media?parent=4713"}],"curies":[{"name":"wp","href":"https:\/\/api.w.org\/{rel}","templated":true}]}}