{"id":4684,"date":"2016-10-19T13:41:03","date_gmt":"2016-10-19T16:41:03","guid":{"rendered":"https:\/\/jfmin.com.br\/home\/"},"modified":"2024-06-03T01:39:59","modified_gmt":"2024-06-03T04:39:59","slug":"home","status":"publish","type":"page","link":"https:\/\/lhgmining.com.br\/es\/","title":{"rendered":"Home"},"content":{"rendered":"<p><section id=\"bt_section69e8d4a09abe9\" data-parallax=\"0\" data-parallax-offset=\"0\" class=\"boldSection topSemiSpaced bottomSemiSpaced btAccentColorBackground gutter boxed btMiddleVertical btParallax wBackground cover wBackground cover btBackgroundOverlay btSolidDarkBackground btDarkSkin\" style=\"background-image:url('https:\/\/lhgmining.com.br\/wp-content\/uploads\/2023\/03\/221212_MINERACAO_CORUMBA-tratada.jpg?wsr');\"><div class=\"port\"><div class=\"boldCell\"><div class=\"boldCellInner\"><div class=\"boldRow \" ><div class=\"boldRowInner\"><div class=\"rowItem col-md-8 col-ms-12 btTextLeft animate animate-fadein inherit\"  data-width=\"8\"><div class=\"rowItemContent\" ><header class=\"header btClear extralarge btDash topDash  bold\" ><div class=\"dash\"><h1><span class=\"headline\">\u00abTrabajamos con tecnolog\u00edas pioneras para producir un acero m\u00e1s sostenible\u00ab<\/span><\/h1><\/div><\/header><div class=\"btClear btSeparator topSemiSpaced noBorder\" ><hr><\/div><\/div><\/div><div class=\"rowItem col-md-4 col-ms-12 btTextLeft inherit\"  data-width=\"4\"><div class=\"rowItemContent\" ><\/div><\/div><\/div><\/div><\/div><\/div><\/div><\/section><section id=\"bt_section69e8d4a09b17e\"  class=\"boldSection topSmallSpaced btDarkSkin gutter boxed inherit\" ><div class=\"port\"><div class=\"boldCell\"><div class=\"boldCellInner\"><div class=\"boldRow \" ><div class=\"boldRowInner\"><div class=\"rowItem col-md-12 col-ms-12  btTextLeft inherit\"  data-width=\"12\"><div class=\"rowItemContent\" ><div class=\"btClear btSeparator topSemiSpaced noBorder\" ><hr><\/div><\/div><\/div><\/div><\/div><div class=\"boldRow \" ><div class=\"boldRowInner\"><div class=\"rowItem col-md-4 col-ms-12 btTextCenter inherit\"  data-width=\"4\"><div class=\"rowItemContent\" ><span class=\"btIco btIcoDefaultType btIcoLargeSize btIcoDefaultColor btIconCircleShape\"><a href=\"\/quem-somos\/\"  target=\"_self\" data-ico-fa=\"&#xf0c0;\" class=\"btIcoHolder\"><span>Quienes Somos<\/span><\/a><\/span><\/div><\/div><div class=\"rowItem col-md-4 col-ms-12 btTextCenter inherit\"  data-width=\"4\"><div class=\"rowItemContent\" ><span class=\"btIco btIcoDefaultType btIcoLargeSize btIcoDefaultColor btIconCircleShape\"><a href=\"\/operacoes\/\"  target=\"_self\" data-ico-fa=\"&#xf085;\" class=\"btIcoHolder\"><span>Operaciones<\/span><\/a><\/span><\/div><\/div><div class=\"rowItem col-md-4 col-ms-12 btTextCenter inherit\"  data-width=\"4\"><div class=\"rowItemContent\" ><span class=\"btIco btIcoDefaultType btIcoLargeSize btIcoDefaultColor btIconCircleShape\"><a href=\"\/sustentabilidade\/\"  target=\"_self\" data-ico-fa=\"&#xf18c;\" class=\"btIcoHolder\"><span>Sostenibilidad<\/span><\/a><\/span><\/div><\/div><\/div><\/div><div class=\"boldRow \" ><div class=\"boldRowInner\"><div class=\"rowItem col-md-12 col-ms-12  btTextLeft\"  data-width=\"12\"><div class=\"rowItemContent\" ><div class=\"btClear btSeparator bottomSemiSpaced noBorder\" ><hr><\/div><\/div><\/div><\/div><\/div><\/div><\/div><\/div><\/section><section id=\"bt_section69e8d4a09d3e5\"  class=\"boldSection topSemiSpaced gutter boxed inherit\" ><div class=\"port\"><div class=\"boldCell\"><div class=\"boldCellInner\"><div class=\"boldRow \" ><div class=\"boldRowInner\"><div class=\"rowItem col-md-12 col-ms-12  btTextCenter inherit\"  data-width=\"12\"><div class=\"rowItemContent\" ><header class=\"header btClear large  regular\" ><div class=\"dash\"><h2><span class=\"headline\">Panorama<\/span><\/h2><\/div><\/header><\/div><\/div><\/div><\/div><div class=\"boldRow \" ><div class=\"boldRowInner\"><div class=\"rowItem col-md-12 col-ms-12  btTextLeft\"  data-width=\"12\"><div class=\"rowItemContent\" ><div class=\"btLatestPostsContainer horizontalPosts \" >\n\t\t\t\t<div class=\"btSingleLatestPost col-md-3 col-ms-12  inherit\"><div class=\"btSingleLatestPostImage btTextCenter\"><div class=\"bpgPhoto btZoomInHoverType\" > \r\n\t\t\t\t\t<a href=\"https:\/\/lhgmining.com.br\/es\/2024\/03\/25\/lhg-mining-lanza-primer-reporte-de-sustentabilidad\/\" target=\"_self\" title=\"\"><\/a>\r\n\t\t\t\t\t<div class=\"boldPhotoBox\"><div class=\"bpbItem\"><div class = \"btImage\"><img decoding=\"async\" src=\"https:\/\/lhgmining.com.br\/wp-content\/uploads\/2024\/03\/Rede-Sustentabilidade-640x480.jpg?wsr\" alt=\"\" title=\"\"><\/div><\/div><\/div>\r\n\t\t\t\t\t<div class=\"captionPane btDarkSkin btTextCenter\">\r\n\t\t\t\t\t\t<div class=\"captionTable\">\r\n\t\t\t\t\t\t\t<div class=\"captionCell\">\r\n\t\t\t\t\t\t\t\t<div class=\"captionTxt\"><\/div>\r\n\t\t\t\t\t\t\t<\/div>\r\n\t\t\t\t\t\t<\/div>\r\n\t\t\t\t\t<\/div><\/div><\/div><div class = \"btSingleLatestPostContent\">\n\t\t\t\t\t\t<header class=\"header btClear small\" ><div class=\"dash\"><h4><span class=\"headline\"><a href=\"https:\/\/lhgmining.com.br\/es\/2024\/03\/25\/lhg-mining-lanza-primer-reporte-de-sustentabilidad\/\" target=\"_self\">LHG Mining lanza primer Reporte de Sustentabilidad<\/a><\/span><\/h4><\/div><\/header>\n\t\t\t\t<p class=\"btLatestPostContent\">LHG Mining lanz\u00f3 el primer Reporte de Sostenibilidad de la compa\u00f1\u00eda con las principales iniciativas, estrategias y acciones en materia de medio ambiente, sustentabilidad, producci\u00f3n e inversi\u00f3n de la minera durante 2023. El balance tambi\u00e9n trae los objetivos para este a\u00f1o. La agenda de sostenibilidad se encuentra entre las prioridades de la empresa minera, que [&hellip;]<\/p>\n\t\t\t\t\t<\/div>\n\t\t\t\t<\/div>\n\t\t\t\t<div class=\"btSingleLatestPost col-md-3 col-ms-12  inherit\"><div class=\"btSingleLatestPostImage btTextCenter\"><div class=\"bpgPhoto btZoomInHoverType\" > \r\n\t\t\t\t\t<a href=\"https:\/\/lhgmining.com.br\/es\/2024\/01\/10\/lhg-mining-patrocina-r-500-000-para-el-instituto-moinho-cultural-sul-americano-en-corumba-ms\/\" target=\"_self\" title=\"\"><\/a>\r\n\t\t\t\t\t<div class=\"boldPhotoBox\"><div class=\"bpbItem\"><div class = \"btImage\"><img decoding=\"async\" src=\"https:\/\/lhgmining.com.br\/wp-content\/uploads\/2024\/01\/moinho-640x436.png?wsr\" alt=\"\" title=\"\"><\/div><\/div><\/div>\r\n\t\t\t\t\t<div class=\"captionPane btDarkSkin btTextCenter\">\r\n\t\t\t\t\t\t<div class=\"captionTable\">\r\n\t\t\t\t\t\t\t<div class=\"captionCell\">\r\n\t\t\t\t\t\t\t\t<div class=\"captionTxt\"><\/div>\r\n\t\t\t\t\t\t\t<\/div>\r\n\t\t\t\t\t\t<\/div>\r\n\t\t\t\t\t<\/div><\/div><\/div><div class = \"btSingleLatestPostContent\">\n\t\t\t\t\t\t<header class=\"header btClear small\" ><div class=\"dash\"><h4><span class=\"headline\"><a href=\"https:\/\/lhgmining.com.br\/es\/2024\/01\/10\/lhg-mining-patrocina-r-500-000-para-el-instituto-moinho-cultural-sul-americano-en-corumba-ms\/\" target=\"_self\">LHG Mining patrocina R$ 500.000 para el Instituto Moinho Cultural Sul-Americano, en Corumb\u00e1 (MS)<\/a><\/span><\/h4><\/div><\/header>\n\t\t\t\t<p class=\"btLatestPostContent\">LHG Mining anunci\u00f3 la donaci\u00f3n de R$ 500.000 al Instituto Moinho Cultural Sul Americano, que atiende anualmente a cerca de 400 ni\u00f1os y adolescentes en situaci\u00f3n de vulnerabilidad en la regi\u00f3n de Corumb\u00e1, Lad\u00e1rio y Bolivia. La donaci\u00f3n refuerza el compromiso de la compa\u00f1\u00eda con la promoci\u00f3n de la cultura y la ciudadan\u00eda en la [&hellip;]<\/p>\n\t\t\t\t\t<\/div>\n\t\t\t\t<\/div>\n\t\t\t\t<div class=\"btSingleLatestPost col-md-3 col-ms-12  inherit\"><div class=\"btSingleLatestPostImage btTextCenter\"><div class=\"bpgPhoto btZoomInHoverType\" > \r\n\t\t\t\t\t<a href=\"https:\/\/lhgmining.com.br\/es\/2023\/09\/27\/lhg-mining-participa-en-el-i-congreso-de-derecho-ambiental-de-oab-mg\/\" target=\"_self\" title=\"\"><\/a>\r\n\t\t\t\t\t<div class=\"boldPhotoBox\"><div class=\"bpbItem\"><div class = \"btImage\"><img decoding=\"async\" src=\"https:\/\/lhgmining.com.br\/wp-content\/uploads\/2023\/10\/WhatsApp-Image-2023-10-27-at-13.57.47.jpeg?wsr\" alt=\"\" title=\"\"><\/div><\/div><\/div>\r\n\t\t\t\t\t<div class=\"captionPane btDarkSkin btTextCenter\">\r\n\t\t\t\t\t\t<div class=\"captionTable\">\r\n\t\t\t\t\t\t\t<div class=\"captionCell\">\r\n\t\t\t\t\t\t\t\t<div class=\"captionTxt\"><\/div>\r\n\t\t\t\t\t\t\t<\/div>\r\n\t\t\t\t\t\t<\/div>\r\n\t\t\t\t\t<\/div><\/div><\/div><div class = \"btSingleLatestPostContent\">\n\t\t\t\t\t\t<header class=\"header btClear small\" ><div class=\"dash\"><h4><span class=\"headline\"><a href=\"https:\/\/lhgmining.com.br\/es\/2023\/09\/27\/lhg-mining-participa-en-el-i-congreso-de-derecho-ambiental-de-oab-mg\/\" target=\"_self\">LHG Mining participa en el I Congreso de Derecho Ambiental de OAB MG<\/a><\/span><\/h4><\/div><\/header>\n\t\t\t\t<p class=\"btLatestPostContent\">A principios de mes, el Primer Congreso de Derecho Ambiental fue promovido por la OAB Minas Gerais en asociaci\u00f3n con la Federaci\u00f3n de Industrias del Estado de Minas Gerais (FIEMG). La abogada de LHG Mining, Tagie Assenheimer, especialista en Derecho Minero, estuvo junto a m\u00e1s de 15 expertos en la materia para discutir los caminos [&hellip;]<\/p>\n\t\t\t\t\t<\/div>\n\t\t\t\t<\/div>\n\t\t\t\t<div class=\"btSingleLatestPost col-md-3 col-ms-12  inherit\"><div class=\"btSingleLatestPostImage btTextCenter\"><div class=\"bpgPhoto btZoomInHoverType\" > \r\n\t\t\t\t\t<a href=\"https:\/\/lhgmining.com.br\/es\/2023\/03\/31\/jf-amplia-contrataciones-en-corumba-estado-de-mato-grosso-do-sul-y-recibe-a-600-nuevos-empleados\/\" target=\"_self\" title=\"\"><\/a>\r\n\t\t\t\t\t<div class=\"boldPhotoBox\"><div class=\"bpbItem\"><div class = \"btImage\"><img decoding=\"async\" src=\"https:\/\/lhgmining.com.br\/wp-content\/uploads\/2023\/03\/Funcionarios-em-Corumba-MS-640x480.jpg?wsr\" alt=\"\" title=\"\"><\/div><\/div><\/div>\r\n\t\t\t\t\t<div class=\"captionPane btDarkSkin btTextCenter\">\r\n\t\t\t\t\t\t<div class=\"captionTable\">\r\n\t\t\t\t\t\t\t<div class=\"captionCell\">\r\n\t\t\t\t\t\t\t\t<div class=\"captionTxt\"><\/div>\r\n\t\t\t\t\t\t\t<\/div>\r\n\t\t\t\t\t\t<\/div>\r\n\t\t\t\t\t<\/div><\/div><\/div><div class = \"btSingleLatestPostContent\">\n\t\t\t\t\t\t<header class=\"header btClear small\" ><div class=\"dash\"><h4><span class=\"headline\"><a href=\"https:\/\/lhgmining.com.br\/es\/2023\/03\/31\/jf-amplia-contrataciones-en-corumba-estado-de-mato-grosso-do-sul-y-recibe-a-600-nuevos-empleados\/\" target=\"_self\">LHG ampl\u00eda contrataciones en Corumb\u00e1 (Estado de Mato Grosso do Sul) y recibe a 600 nuevos empleados<\/a><\/span><\/h4><\/div><\/header>\n\t\t\t\t<p class=\"btLatestPostContent\">Hasta el final de 2023, m\u00e1s de 300 personas se incorporar\u00e1n a las operaciones locales La empresa ofrece muchas oportunidades en diferentes \u00e1reas Se ofrecen capacitaciones y beneficios para puestos operativos y t\u00e9cnicos Corumb\u00e1 tiene 120 mil habitantes y es un polo de desarrollo de la regi\u00f3n Corumb\u00e1 \u2013 LHG Mining anuncia la contrataci\u00f3n de [&hellip;]<\/p>\n\t\t\t\t\t<\/div>\n\t\t\t\t<\/div><\/div><\/div><\/div><\/div><\/div><\/div><\/div><\/div><\/section><section id=\"bt_section69e8d4a0a37c1\"  class=\"boldSection topSemiSpaced gutter boxed inherit\" ><div class=\"port\"><div class=\"boldCell\"><div class=\"boldCellInner\"><div class=\"boldRow \" ><div class=\"boldRowInner\"><div class=\"rowItem col-md-12 col-ms-12  btTextCenter inherit\"  data-width=\"12\"><div class=\"rowItemContent\" ><header class=\"header btClear large  regular\" ><div class=\"dash\"><h2><span class=\"headline\">Galeria<\/span><\/h2><\/div><\/header><div class=\"tilesWall btGridGallery tiled  btGridGap-2 lightbox\" data-col=\"3\"><div class=\"gridSizer\"><\/div><div class=\"gridItem btGhostSliderThumb bt11\" data-order-num=\"-1\"><div class=\"btTileBox\"><div class=\"bpgPhoto \" > \r\n\t\t\t\t\t<a href=\"https:\/\/lhgmining.com.br\/wp-content\/uploads\/2023\/03\/Operacoes-Vista-frontal-Porto-Gregorio-Curvo.jpg?wsr\" class=\"lightbox\" data-title=\"Vista frontal Porto Greg\u00f3rio Curvo\"><\/a>\r\n\t\t\t\t\t<div class=\"boldPhotoBox\"><div class=\"bpbItem\"><div class = \"btImage\"><img decoding=\"async\" src=\"https:\/\/lhgmining.com.br\/wp-content\/uploads\/2023\/03\/Operacoes-Vista-frontal-Porto-Gregorio-Curvo-640x640.jpg?wsr\" alt=\"\" title=\"Vista frontal Porto Greg\u00f3rio Curvo\"><\/div><\/div><\/div>\r\n\t\t\t\t\t<div class=\"captionPane btDarkSkin btTextCenter\">\r\n\t\t\t\t\t\t<div class=\"captionTable\">\r\n\t\t\t\t\t\t\t<div class=\"captionCell\">\r\n\t\t\t\t\t\t\t\t<div class=\"captionTxt\"><header class=\"header btClear extrasmall\" ><div class=\"dash\"><h4><span class=\"headline\">Vista frontal Porto Greg\u00f3rio Curvo<\/span><\/h4><\/div><\/header><\/div>\r\n\t\t\t\t\t\t\t<\/div>\r\n\t\t\t\t\t\t<\/div>\r\n\t\t\t\t\t<\/div><\/div><\/div><\/div><div class=\"gridItem btGhostSliderThumb bt11\" data-order-num=\"0\"><div class=\"btTileBox\"><div class=\"bpgPhoto \" > \r\n\t\t\t\t\t<a href=\"https:\/\/lhgmining.com.br\/wp-content\/uploads\/2023\/03\/Minerio-de-manganes-mina-Urucum-.jpg?wsr\" class=\"lightbox\" data-title=\"Mineral de manganeso - mina Urucum \"><\/a>\r\n\t\t\t\t\t<div class=\"boldPhotoBox\"><div class=\"bpbItem\"><div class = \"btImage\"><img decoding=\"async\" src=\"https:\/\/lhgmining.com.br\/wp-content\/uploads\/2023\/03\/Minerio-de-manganes-mina-Urucum--640x640.jpg?wsr\" alt=\"\" title=\"Mineral de manganeso - mina Urucum \"><\/div><\/div><\/div>\r\n\t\t\t\t\t<div class=\"captionPane btDarkSkin btTextCenter\">\r\n\t\t\t\t\t\t<div class=\"captionTable\">\r\n\t\t\t\t\t\t\t<div class=\"captionCell\">\r\n\t\t\t\t\t\t\t\t<div class=\"captionTxt\"><header class=\"header btClear extrasmall\" ><div class=\"dash\"><h4><span class=\"headline\">Mineral de manganeso &#8211; mina Urucum <\/span><\/h4><\/div><\/header><\/div>\r\n\t\t\t\t\t\t\t<\/div>\r\n\t\t\t\t\t\t<\/div>\r\n\t\t\t\t\t<\/div><\/div><\/div><\/div><div class=\"gridItem btGhostSliderThumb bt11\" data-order-num=\"1\"><div class=\"btTileBox\"><div class=\"bpgPhoto \" > \r\n\t\t\t\t\t<a href=\"https:\/\/lhgmining.com.br\/wp-content\/uploads\/2023\/03\/Lavra-subterranea-manganes-mina-Urucum-.jpg?wsr\" class=\"lightbox\" data-title=\"Lavra subterra\u0302nea mangane\u0302s - Mina Urucum\"><\/a>\r\n\t\t\t\t\t<div class=\"boldPhotoBox\"><div class=\"bpbItem\"><div class = \"btImage\"><img decoding=\"async\" src=\"https:\/\/lhgmining.com.br\/wp-content\/uploads\/2023\/03\/Lavra-subterranea-manganes-mina-Urucum--640x640.jpg?wsr\" alt=\"\" title=\"Lavra subterra\u0302nea mangane\u0302s - Mina Urucum\"><\/div><\/div><\/div>\r\n\t\t\t\t\t<div class=\"captionPane btDarkSkin btTextCenter\">\r\n\t\t\t\t\t\t<div class=\"captionTable\">\r\n\t\t\t\t\t\t\t<div class=\"captionCell\">\r\n\t\t\t\t\t\t\t\t<div class=\"captionTxt\"><header class=\"header btClear extrasmall\" ><div class=\"dash\"><h4><span class=\"headline\">Lavra subterra\u0302nea mangane\u0302s &#8211; Mina Urucum<\/span><\/h4><\/div><\/header><\/div>\r\n\t\t\t\t\t\t\t<\/div>\r\n\t\t\t\t\t\t<\/div>\r\n\t\t\t\t\t<\/div><\/div><\/div><\/div><div class=\"gridItem btGhostSliderThumb bt11\" data-order-num=\"2\"><div class=\"btTileBox\"><div class=\"bpgPhoto \" > \r\n\t\t\t\t\t<a href=\"https:\/\/lhgmining.com.br\/wp-content\/uploads\/2023\/03\/Instalacao-de-beneficiamento-mina-Santa-Cruz-.jpg?wsr\" class=\"lightbox\" data-title=\"Instalaci\u00f3n de beneficio - mina Santa \"><\/a>\r\n\t\t\t\t\t<div class=\"boldPhotoBox\"><div class=\"bpbItem\"><div class = \"btImage\"><img decoding=\"async\" src=\"https:\/\/lhgmining.com.br\/wp-content\/uploads\/2023\/03\/Instalacao-de-beneficiamento-mina-Santa-Cruz--640x640.jpg?wsr\" alt=\"\" title=\"Instalaci\u00f3n de beneficio - mina Santa \"><\/div><\/div><\/div>\r\n\t\t\t\t\t<div class=\"captionPane btDarkSkin btTextCenter\">\r\n\t\t\t\t\t\t<div class=\"captionTable\">\r\n\t\t\t\t\t\t\t<div class=\"captionCell\">\r\n\t\t\t\t\t\t\t\t<div class=\"captionTxt\"><header class=\"header btClear extrasmall\" ><div class=\"dash\"><h4><span class=\"headline\">Instalaci\u00f3n de beneficio &#8211; mina Santa <\/span><\/h4><\/div><\/header><\/div>\r\n\t\t\t\t\t\t\t<\/div>\r\n\t\t\t\t\t\t<\/div>\r\n\t\t\t\t\t<\/div><\/div><\/div><\/div><div class=\"gridItem btGhostSliderThumb bt11\" data-order-num=\"3\"><div class=\"btTileBox\"><div class=\"bpgPhoto \" > \r\n\t\t\t\t\t<a href=\"https:\/\/lhgmining.com.br\/wp-content\/uploads\/2023\/03\/Operacao-de-embarque-PCG.jpg?wsr\" class=\"lightbox\" data-title=\"Operaciones de env\u00edo Porto Greg\u00f3rio \"><\/a>\r\n\t\t\t\t\t<div class=\"boldPhotoBox\"><div class=\"bpbItem\"><div class = \"btImage\"><img decoding=\"async\" src=\"https:\/\/lhgmining.com.br\/wp-content\/uploads\/2023\/03\/Operacao-de-embarque-PCG-640x640.jpg?wsr\" alt=\"\" title=\"Operaciones de env\u00edo Porto Greg\u00f3rio \"><\/div><\/div><\/div>\r\n\t\t\t\t\t<div class=\"captionPane btDarkSkin btTextCenter\">\r\n\t\t\t\t\t\t<div class=\"captionTable\">\r\n\t\t\t\t\t\t\t<div class=\"captionCell\">\r\n\t\t\t\t\t\t\t\t<div class=\"captionTxt\"><header class=\"header btClear extrasmall\" ><div class=\"dash\"><h4><span class=\"headline\">Operaciones de env\u00edo Porto Greg\u00f3rio <\/span><\/h4><\/div><\/header><\/div>\r\n\t\t\t\t\t\t\t<\/div>\r\n\t\t\t\t\t\t<\/div>\r\n\t\t\t\t\t<\/div><\/div><\/div><\/div><div class=\"gridItem btGhostSliderThumb bt11\" data-order-num=\"4\"><div class=\"btTileBox\"><div class=\"bpgPhoto \" > \r\n\t\t\t\t\t<a href=\"https:\/\/lhgmining.com.br\/wp-content\/uploads\/2023\/03\/Vista-aerea-lavra-minerio-de-ferro.jpg?wsr\" class=\"lightbox\" data-title=\"Extraccion de mineral de hierro\"><\/a>\r\n\t\t\t\t\t<div class=\"boldPhotoBox\"><div class=\"bpbItem\"><div class = \"btImage\"><img decoding=\"async\" src=\"https:\/\/lhgmining.com.br\/wp-content\/uploads\/2023\/03\/Vista-aerea-lavra-minerio-de-ferro-640x640.jpg?wsr\" alt=\"\" title=\"Extraccion de mineral de hierro\"><\/div><\/div><\/div>\r\n\t\t\t\t\t<div class=\"captionPane btDarkSkin btTextCenter\">\r\n\t\t\t\t\t\t<div class=\"captionTable\">\r\n\t\t\t\t\t\t\t<div class=\"captionCell\">\r\n\t\t\t\t\t\t\t\t<div class=\"captionTxt\"><header class=\"header btClear extrasmall\" ><div class=\"dash\"><h4><span class=\"headline\">Extraccion de mineral de hierro<\/span><\/h4><\/div><\/header><\/div>\r\n\t\t\t\t\t\t\t<\/div>\r\n\t\t\t\t\t\t<\/div>\r\n\t\t\t\t\t<\/div><\/div><\/div><\/div><\/div><\/div><\/div><\/div><\/div><\/div><\/div><\/div><\/section><\/p>\n","protected":false},"excerpt":{"rendered":"","protected":false},"author":2,"featured_media":0,"parent":0,"menu_order":0,"comment_status":"closed","ping_status":"closed","template":"","meta":{"_acf_changed":false,"footnotes":""},"class_list":["post-4684","page","type-page","status-publish","hentry"],"acf":[],"_links":{"self":[{"href":"https:\/\/lhgmining.com.br\/es\/wp-json\/wp\/v2\/pages\/4684","targetHints":{"allow":["GET"]}}],"collection":[{"href":"https:\/\/lhgmining.com.br\/es\/wp-json\/wp\/v2\/pages"}],"about":[{"href":"https:\/\/lhgmining.com.br\/es\/wp-json\/wp\/v2\/types\/page"}],"author":[{"embeddable":true,"href":"https:\/\/lhgmining.com.br\/es\/wp-json\/wp\/v2\/users\/2"}],"replies":[{"embeddable":true,"href":"https:\/\/lhgmining.com.br\/es\/wp-json\/wp\/v2\/comments?post=4684"}],"version-history":[{"count":6,"href":"https:\/\/lhgmining.com.br\/es\/wp-json\/wp\/v2\/pages\/4684\/revisions"}],"predecessor-version":[{"id":5092,"href":"https:\/\/lhgmining.com.br\/es\/wp-json\/wp\/v2\/pages\/4684\/revisions\/5092"}],"wp:attachment":[{"href":"https:\/\/lhgmining.com.br\/es\/wp-json\/wp\/v2\/media?parent=4684"}],"curies":[{"name":"wp","href":"https:\/\/api.w.org\/{rel}","templated":true}]}}