{"id":4652,"date":"2023-02-15T17:23:30","date_gmt":"2023-02-15T20:23:30","guid":{"rendered":"https:\/\/jfmin.com.br\/contact\/"},"modified":"2024-06-14T11:12:53","modified_gmt":"2024-06-14T14:12:53","slug":"contact","status":"publish","type":"page","link":"https:\/\/lhgmining.com.br\/en\/contact\/","title":{"rendered":"Contact"},"content":{"rendered":"<section id=\"bt_section69e917fb02118\"  class=\"boldSection inherit\" ><div class=\"port\"><div class=\"boldCell\"><div class=\"boldCellInner\"><div class=\"boldRow \" ><div class=\"boldRowInner\"><div class=\"rowItem col-md-6 col-sm-12 btTextLeft animate animate-fadein inherit btLightSkin\"  data-width=\"6\"><div class=\"rowItemContent\" style = \"background-color: rgba(255, 255, 255, 0.6); \"><div class=\"boldRow \" style=\"max-width: 580px; float: right;\"><div class=\"boldRowInner\"><div class=\"rowItem rowInnerItem col-sm-12  btTextLeft\"  ><div class=\"rowItemContent\"><div class=\"btClear btSeparator topSemiSpaced noBorder\" ><hr><\/div><div class=\"btText\" ><\/p>\n<h5 dir=\"ltr\"><b>Commercial channel<\/b><\/h5>\n<p dir=\"ltr\">+ <a href=\"mailto:comercial.vendas@jfmin.com.br\" target=\"_blank\" rel=\"noopener\">comercial.vendas@jfmin.com.br<\/a><\/p>\n<p><b> <\/b><b style=\"font-family: Montserrat, Arial, sans-serif; font-size: 1.5em;\">Supplier Channel <\/b><\/p>\n<p dir=\"ltr\">+ <a href=\"mailto:suprimentos.cadastro@jfmin.com.br\" target=\"_blank\" rel=\"noopener\">suprimentos.cadastro@jfmin.<wbr><\/wbr>com.br<\/a><\/p>\n<p><b> <\/b><b style=\"font-family: Montserrat, Arial, sans-serif; font-size: 1.5em;\">HR Channel <\/b><\/p>\n<p dir=\"ltr\">+ <a href=\"https:\/\/jfmineracao.gupy.io\/\" target=\"_blank\" rel=\"noopener\" data-saferedirecturl=\"https:\/\/www.google.com\/url?q=https:\/\/jfmineracao.gupy.io\/&amp;source=gmail&amp;ust=1680283108464000&amp;usg=AOvVaw0BkSqcT2HYjas8AKPJ2O2G\">https:\/\/jfmineracao.gupy.io\/<\/a><\/p>\n<h5 dir=\"ltr\"><b>Press Channel<\/b><\/h5>\n<p dir=\"ltr\">+ <a href=\"mailto:imprensajf@gbr.com.br\">imprensajf@gbr.com.br<\/a> | 11 3047-2400<\/p>\n<h5><strong>Ethics Channel<\/strong><\/h5>\n<p>+ Email: <a href=\"mailto:grupojf@canaldeetica.com.br\">grupojf@canaldeetica.com.br<\/a><\/p>\n<p>+ Phone: BRAZIL 0800 885 5608 | OTHER COUNTRIES +55 11 2424 6013 (collect call)<\/p>\n<p>The J&amp;F Group Ethics Channel was established to provide our employees, customers and business partners with a confidential and secure means of communication to report suspected or actual violations of our values, beliefs, standards, Code of Conduct and Ethics or current legislation.<\/p>\n<p>+ Make a report: <a href=\"https:\/\/www.canaldeetica.com.br\/grupojf\/\">https:\/\/www.canaldeetica.com.br\/grupojf\/<\/a><\/p>\n<p>\n<\/div><\/div><\/div><\/div><\/div><\/div><\/div><div class=\"rowItem col-md-6 col-sm-12 btTextLeft animate animate-fadein inherit\"  data-width=\"6\"><div class=\"rowItemContent\" ><div class=\"bpgPhoto btDefaultHoverType\" ><div class = \"btImage\"><img decoding=\"async\" src=\"https:\/\/lhgmining.com.br\/wp-content\/uploads\/2023\/04\/Paulo-Cueller-tecnico-de-seguranca-em-Corumba-MS.jpg?wsr\" alt=\"Paulo Cueller - t\u00e9cnico de seguran\u00e7a em Corumb\u00e1 (MS)\" title=\"Paulo Cueller - t\u00e9cnico de seguran\u00e7a em Corumb\u00e1 (MS)\"><\/div><\/div><\/div><\/div><\/div><\/div><div class=\"boldRow \" ><div class=\"boldRowInner\"><div class=\"rowItem col-md-12 col-ms-12  btTextLeft\"  data-width=\"12\"><div class=\"rowItemContent\" ><div class=\"btClear btSeparator bottomSpaced noBorder\" ><hr><\/div><\/div><\/div><\/div><\/div><\/div><\/div><\/div><\/section>\n","protected":false},"excerpt":{"rendered":"","protected":false},"author":1,"featured_media":0,"parent":0,"menu_order":0,"comment_status":"closed","ping_status":"closed","template":"","meta":{"_acf_changed":false,"footnotes":""},"class_list":["post-4652","page","type-page","status-publish","hentry"],"acf":[],"_links":{"self":[{"href":"https:\/\/lhgmining.com.br\/en\/wp-json\/wp\/v2\/pages\/4652","targetHints":{"allow":["GET"]}}],"collection":[{"href":"https:\/\/lhgmining.com.br\/en\/wp-json\/wp\/v2\/pages"}],"about":[{"href":"https:\/\/lhgmining.com.br\/en\/wp-json\/wp\/v2\/types\/page"}],"author":[{"embeddable":true,"href":"https:\/\/lhgmining.com.br\/en\/wp-json\/wp\/v2\/users\/1"}],"replies":[{"embeddable":true,"href":"https:\/\/lhgmining.com.br\/en\/wp-json\/wp\/v2\/comments?post=4652"}],"version-history":[{"count":6,"href":"https:\/\/lhgmining.com.br\/en\/wp-json\/wp\/v2\/pages\/4652\/revisions"}],"predecessor-version":[{"id":5131,"href":"https:\/\/lhgmining.com.br\/en\/wp-json\/wp\/v2\/pages\/4652\/revisions\/5131"}],"wp:attachment":[{"href":"https:\/\/lhgmining.com.br\/en\/wp-json\/wp\/v2\/media?parent=4652"}],"curies":[{"name":"wp","href":"https:\/\/api.w.org\/{rel}","templated":true}]}}